{"id":836,"date":"2025-12-24T17:46:54","date_gmt":"2025-12-24T17:46:54","guid":{"rendered":"https:\/\/disport.uy\/index.php\/producto\/jbl-xtreme-4-negro-altavoz-para-uso-portatil\/"},"modified":"2025-12-24T17:46:54","modified_gmt":"2025-12-24T17:46:54","slug":"jbl-xtreme-4-negro-altavoz-para-uso-portatil","status":"publish","type":"product","link":"https:\/\/disport.uy\/index.php\/producto\/jbl-xtreme-4-negro-altavoz-para-uso-portatil\/","title":{"rendered":"JBL Xtreme 4 Negro &#8211; Altavoz &#8211; para uso port\u00e1til"},"content":{"rendered":"<div id=\"slick-slide50\" class=\"expanded-feature -lifestyle in-view\" tabindex=\"0\" role=\"tabpanel\">\n<div class=\"imagery\">\n<p><img fetchpriority=\"high\" decoding=\"async\" class=\"\" src=\"https:\/\/www.jbl.cl\/on\/demandware.static\/-\/Sites-masterCatalog_Harman\/default\/dwc2cbea6a\/pdp\/JBL_Xtreme_4_Lifestyle_01_1605x1605px.png\" alt=\"Gran sonido JBL Pro de nuevo nivel\" width=\"381\" height=\"236\" data-src=\"https:\/\/www.jbl.cl\/on\/demandware.static\/-\/Sites-masterCatalog_Harman\/default\/dwc2cbea6a\/pdp\/JBL_Xtreme_4_Lifestyle_01_1605x1605px.png\" \/><\/p>\n<\/div>\n<div class=\"copy\">\n<h3>Gran sonido JBL Pro de nuevo nivel<\/h3>\n<p>Dos altavoces de graves, dos potentes amplificadores y dos radiadores JBL Bass proporcionan sin esfuerzo un sonido din\u00e1mico y envolvente con graves profundos y detalles en cada nota. Te dejar\u00e1s llevar por la m\u00fasica vayas donde vayas.<\/p>\n<\/div>\n<\/div>\n<div id=\"slick-slide51\" class=\"expanded-feature -lifestyle in-view\" tabindex=\"-1\" role=\"tabpanel\">\n<div class=\"imagery\">\n<p><img decoding=\"async\" class=\"\" src=\"https:\/\/www.jbl.cl\/on\/demandware.static\/-\/Sites-masterCatalog_Harman\/default\/dwf317af5b\/pdp\/JBL_Xtreme_4_Lifestyle_02_1605x1605px.png\" alt=\"24\u00a0horas de reproducci\u00f3n m\u00e1s 6 horas extra con Playtime Boost\" width=\"379\" height=\"235\" data-src=\"https:\/\/www.jbl.cl\/on\/demandware.static\/-\/Sites-masterCatalog_Harman\/default\/dwf317af5b\/pdp\/JBL_Xtreme_4_Lifestyle_02_1605x1605px.png\" \/><\/p>\n<\/div>\n<div class=\"copy\">\n<h3>24\u00a0horas de reproducci\u00f3n m\u00e1s 6 horas extra con Playtime Boost<\/h3>\n<p>Tus aventuras ac\u00fasticas pueden durar todo el d\u00eda. Lleva contigo el JBL Xtreme 4 de una estancia a otra, a tu fiesta en el jard\u00edn o a la playa. Con 24\u00a0horas de duraci\u00f3n de la bater\u00eda, puedes reproducir m\u00fasica hasta que el sol se ponga \u2014y vuelva a salir\u2014 antes de necesitar recargarlo. Solo tienes que pulsar Playtime Boost para prolongar el tiempo de reproducci\u00f3n y aumentar la duraci\u00f3n de la bater\u00eda hasta 6\u00a0horas. Esta funci\u00f3n sintoniza y optimiza el rendimiento para obtener un sonido m\u00e1s alto y n\u00edtido.<\/p>\n<\/div>\n<\/div>\n<div id=\"slick-slide52\" class=\"expanded-feature -lifestyle in-view\" tabindex=\"-1\" role=\"tabpanel\">\n<div class=\"imagery\">\n<p><img decoding=\"async\" class=\"\" src=\"https:\/\/www.jbl.cl\/on\/demandware.static\/-\/Sites-masterCatalog_Harman\/default\/dw41f68f44\/pdp\/JBL_Xtreme_4_Lifestyle_03_1605x1605px.png\" alt=\"C\u00f3moda correa para el hombro\" width=\"379\" height=\"235\" data-src=\"https:\/\/www.jbl.cl\/on\/demandware.static\/-\/Sites-masterCatalog_Harman\/default\/dw41f68f44\/pdp\/JBL_Xtreme_4_Lifestyle_03_1605x1605px.png\" \/><\/p>\n<\/div>\n<div class=\"copy\">\n<h3>C\u00f3moda correa para el hombro<\/h3>\n<p>El altavoz puede llevarse colgado del hombro o puede ajustarse como bandolera, sea cual sea tu estilo o estado de \u00e1nimo.<\/p>\n<\/div>\n<\/div>\n<section class=\"pdp-specs in-view\" data-section=\"specs\" data-headline=\"Especificaciones\">\n<div class=\"product-number\" style=\"display: none;\"><span class=\"itemIdSpec\">JBLXTREME4BLKAM<\/span><\/div>\n<h2>Detalles y descargas<\/h2>\n<div class=\"pdp-identifiers\">\n<p class=\"itemid -sku\">N.\u00ba de art\u00edculo:<br \/>\n<span class=\"js-specs-sku-id\">JBLXTREME4BLKAM<\/span><\/p>\n<\/div>\n<div class=\"specs-wrapper\">\n<div class=\"spec-accordion -active\">\n<h3>Descripci\u00f3n del producto<\/h3>\n<div class=\"accordion-content\">\n<h4>\u00a1Es hora de vivir con volumen!<\/h4>\n<div class=\"spec-row\"><span class=\"spec-key -full\">\u00a1Es hora de vivir con volumen! El altavoz port\u00e1til JBL Xtreme 4 resistente al agua ofrece un sonido JBL Pro de \u00faltima generaci\u00f3n con una din\u00e1mica incre\u00edble, incluso a m\u00e1ximo volumen, gracias a sus dos potentes woofers y dos altavoces de agudos. Los radiadores pasivos JBL de doble bombeo te ofrecen unos graves m\u00e1s profundos. \u00bfQuieres llevar tu m\u00fasica al exterior? La pr\u00e1ctica correa para el hombro lo hace f\u00e1cil, mientras que los resistentes protectores de goma y la clasificaci\u00f3n IP67, resistencia al agua y al polvo hacen que un chaparr\u00f3n repentino o un chapuz\u00f3n en el lago no detengan la diversi\u00f3n. Cuando llegue el momento de crear una experiencia de audio a\u00fan mayor, combina dos Xtreme 4 para obtener sonido est\u00e9reo. O para tu pr\u00f3xima fiesta, utiliza Auracast para conectar el Xtreme 4 con cualquier altavoz port\u00e1til JBL compatible, para que tus amigos que est\u00e9n descansando junto a la piscina se relajen con la misma lista de reproducci\u00f3n que los que chatean en interiores. 24\u00a0horas de reproducci\u00f3n y una c\u00f3moda bater\u00eda externa para tu dispositivo significan que no lo tendr\u00e1s que recargar hasta la ma\u00f1ana. Todo esto, adem\u00e1s, est\u00e1 hecho con pl\u00e1stico reciclado y tejido reciclado. El JBL Xtreme 4 te ofrece un sonido emocionante en cualquier lugar.<\/span><\/div>\n<\/div>\n<\/div>\n<div class=\"spec-accordion \">\n<h3>Caracter\u00edsticas generales<\/h3>\n<div class=\"accordion-content\">\n<div class=\"spec-row\">\n<p><span class=\"spec-key\">Potencia de salida<\/span><\/p>\n<p><span class=\"spec-value\">2 x 30W RMS woofer + 2 x 20W RMS tweeter (AC power mode), 2 x 20W RMS woofer + 2 x 15W RMS tweeter (Battery mode)<\/span><\/p>\n<\/div>\n<\/div>\n<\/div>\n<div class=\"spec-accordion \">\n<h3>Caracter\u00edsticas Audio<\/h3>\n<div class=\"accordion-content\">\n<div class=\"spec-row\">\n<p><span class=\"spec-key\">Respuesta de frecuencia din\u00e1mica<\/span><\/p>\n<p><span class=\"spec-value\">44 Hz &#8211; 20k Hz<\/span><\/p>\n<\/div>\n<\/div>\n<\/div>\n<div class=\"spec-accordion \">\n<h3>Medidas<\/h3>\n<div class=\"accordion-content\">\n<div class=\"spec-row\">\n<p><span class=\"spec-key\">Dimensiones (cm)<\/span><\/p>\n<p><span class=\"spec-value\">29.7 x 14.9 x 14.1<\/span><\/p>\n<\/div>\n<div class=\"spec-row\">\n<p><span class=\"spec-key\">Dimensiones (in)<\/span><\/p>\n<p><span class=\"spec-value\">11.69 x 5.87 x 5.55<\/span><\/p>\n<\/div>\n<div class=\"spec-row\">\n<p><span class=\"spec-key\">Weight (kgs)<\/span><\/p>\n<p><span class=\"spec-value\">2.1<\/span><\/p>\n<\/div>\n<div class=\"spec-row\">\n<p><span class=\"spec-key\">Weight (lbs)<\/span><\/p>\n<p><span class=\"spec-value\">4.63<\/span><\/p>\n<\/div>\n<\/div>\n<\/div>\n<div class=\"spec-accordion \">\n<h3>Caracter\u00edsticas de control y conexi\u00f3n<\/h3>\n<div class=\"accordion-content\">\n<div class=\"spec-row\">\n<p><span class=\"spec-key\">Versi\u00f3n Bluetooth<\/span><\/p>\n<p><span class=\"spec-value\">5.3<\/span><\/p>\n<\/div>\n<\/div>\n<\/div>\n<div class=\"spec-accordion \">\n<h3>Bater\u00eda<\/h3>\n<div class=\"accordion-content\">\n<div class=\"spec-row\">\n<p><span class=\"spec-key\">Charging time (hrs)<\/span><\/p>\n<p><span class=\"spec-value\">3.5<\/span><\/p>\n<\/div>\n<div class=\"spec-row\">\n<p><span class=\"spec-key\">Tiempo de reproducci\u00f3n de musica<\/span><\/p>\n<p><span class=\"spec-value\">24<\/span><\/p>\n<\/div>\n<\/div>\n<\/div>\n<div class=\"spec-accordion \">\n<h3>Caracter\u00edsticas<\/h3>\n<div class=\"accordion-content\">\n<div class=\"spec-row\">\n<p><span class=\"spec-key\">Bluetooth<\/span><\/p>\n<p><span class=\"spec-value\">S\u00ed<\/span><\/p>\n<\/div>\n<div class=\"spec-row\">\n<p><span class=\"spec-key\">Charging cable<\/span><\/p>\n<p><span class=\"spec-value\">S\u00ed<\/span><\/p>\n<\/div>\n<div class=\"spec-row\">\n<p><span class=\"spec-key\">USB para carga de dispositivos m\u00f3viles<\/span><\/p>\n<p><span class=\"spec-value\">S\u00ed<\/span><\/p>\n<\/div>\n<div class=\"spec-row\">\n<p><span class=\"spec-key\">A prueba de salpicaduras<\/span><\/p>\n<p><span class=\"spec-value\">S\u00ed<\/span><\/p>\n<\/div>\n<div class=\"spec-row\">\n<p><span class=\"spec-key\">A prueba de agua<\/span><\/p>\n<p><span class=\"spec-value\">S\u00ed<\/span><\/p>\n<\/div>\n<div class=\"spec-row\">\n<p><span class=\"spec-key\">Wireless<\/span><\/p>\n<p><span class=\"spec-value\">S\u00ed<\/span><\/p>\n<\/div>\n<div class=\"spec-row\">\n<p><span class=\"spec-key\">Conexi\u00f3n Multipunto<\/span><\/p>\n<p><span class=\"spec-value\">S\u00ed<\/span><\/p>\n<\/div>\n<div class=\"spec-row\">\n<p><span class=\"spec-key\">Bater\u00eda recargable<\/span><\/p>\n<p><span class=\"spec-value\">S\u00ed<\/span><\/p>\n<\/div>\n<div class=\"spec-row\">\n<p><span class=\"spec-key\">Carga r\u00e1pida<\/span><\/p>\n<p><span class=\"spec-value\">S\u00ed<\/span><\/p>\n<\/div>\n<div class=\"spec-row\">\n<p><span class=\"spec-key\">Certificaci\u00f3n IPX<\/span><\/p>\n<p><span class=\"spec-value\">IP67<\/span><\/p>\n<\/div>\n<div class=\"spec-row\">\n<p><span class=\"spec-key\">Supports Auracast<\/span><\/p>\n<p><span class=\"spec-value\">S\u00ed<\/span><\/p>\n<\/div>\n<div class=\"spec-row\">\n<p><span class=\"spec-key\">Dustproof<\/span><\/p>\n<p><span class=\"spec-value\">S\u00ed<\/span><\/p>\n<\/div>\n<\/div>\n<\/div>\n<div class=\"spec-accordion\">\n<h3>Contenido de la caja<\/h3>\n<div class=\"accordion-content\">\n<div class=\"box-contents\">\n<ul class=\"bulleted\">\n<li>1 JBL Xtreme 4<\/li>\n<li>1\u00a0adaptador PD (el tipo de enchufe var\u00eda seg\u00fan la regi\u00f3n)<\/li>\n<li>1 gu\u00eda de inicio r\u00e1pido<\/li>\n<li>1 tarjeta de garant\u00eda\/ficha de seguridad<\/li>\n<\/ul>\n<div class=\"imagery\"><img decoding=\"async\" class=\"box-visual\" src=\"https:\/\/www.jbl.cl\/dw\/image\/v2\/AAUJ_PRD\/on\/demandware.static\/-\/Sites-masterCatalog_Harman\/default\/dw0f1718aa\/pdp\/\/JBL_Xtreme_4_Core_Box_Image_Black_1605x1605px.png?sw=590&amp;sfrm=png\" alt=\"JBL CLub One Box visual\" data-src=\"https:\/\/www.jbl.cl\/dw\/image\/v2\/AAUJ_PRD\/on\/demandware.static\/-\/Sites-masterCatalog_Harman\/default\/dw0f1718aa\/pdp\/\/JBL_Xtreme_4_Core_Box_Image_Black_1605x1605px.png?sw=590&amp;sfrm=png\" \/><\/div>\n<\/div>\n<\/div>\n<\/div>\n<\/div>\n<\/section>\n","protected":false},"excerpt":{"rendered":"<p>Altavoz port\u00e1til resistente al agua con incre\u00edble sonido JBL Pro y una pr\u00e1ctica correa para el hombro.<br \/>\ninal\u00e1mbrico-Bluetooth-controlado por aplicaci\u00f3n-2 v\u00edas-negro<\/p>\n","protected":false},"featured_media":835,"comment_status":"closed","ping_status":"closed","template":"","meta":{"site-sidebar-layout":"default","site-content-layout":"","ast-site-content-layout":"default","site-content-style":"default","site-sidebar-style":"default","ast-global-header-display":"","ast-banner-title-visibility":"","ast-main-header-display":"","ast-hfb-above-header-display":"","ast-hfb-below-header-display":"","ast-hfb-mobile-header-display":"","site-post-title":"","ast-breadcrumbs-content":"","ast-featured-img":"","footer-sml-layout":"","ast-disable-related-posts":"","theme-transparent-header-meta":"","adv-header-id-meta":"","stick-header-meta":"","header-above-stick-meta":"","header-main-stick-meta":"","header-below-stick-meta":"","astra-migrate-meta-layouts":"default","ast-page-background-enabled":"default","ast-page-background-meta":{"desktop":{"background-color":"var(--ast-global-color-5)","background-image":"","background-repeat":"repeat","background-position":"center center","background-size":"auto","background-attachment":"scroll","background-type":"","background-media":"","overlay-type":"","overlay-color":"","overlay-opacity":"","overlay-gradient":""},"tablet":{"background-color":"","background-image":"","background-repeat":"repeat","background-position":"center center","background-size":"auto","background-attachment":"scroll","background-type":"","background-media":"","overlay-type":"","overlay-color":"","overlay-opacity":"","overlay-gradient":""},"mobile":{"background-color":"","background-image":"","background-repeat":"repeat","background-position":"center center","background-size":"auto","background-attachment":"scroll","background-type":"","background-media":"","overlay-type":"","overlay-color":"","overlay-opacity":"","overlay-gradient":""}},"ast-content-background-meta":{"desktop":{"background-color":"var(--ast-global-color-4)","background-image":"","background-repeat":"repeat","background-position":"center center","background-size":"auto","background-attachment":"scroll","background-type":"","background-media":"","overlay-type":"","overlay-color":"","overlay-opacity":"","overlay-gradient":""},"tablet":{"background-color":"var(--ast-global-color-4)","background-image":"","background-repeat":"repeat","background-position":"center center","background-size":"auto","background-attachment":"scroll","background-type":"","background-media":"","overlay-type":"","overlay-color":"","overlay-opacity":"","overlay-gradient":""},"mobile":{"background-color":"var(--ast-global-color-4)","background-image":"","background-repeat":"repeat","background-position":"center center","background-size":"auto","background-attachment":"scroll","background-type":"","background-media":"","overlay-type":"","overlay-color":"","overlay-opacity":"","overlay-gradient":""}}},"product_brand":[],"product_cat":[86,87],"product_tag":[88,89],"class_list":{"0":"post-836","1":"product","2":"type-product","3":"status-publish","4":"has-post-thumbnail","6":"product_cat-electrohogar","7":"product_cat-parlantes","8":"product_tag-altavoz","9":"product_tag-parlantes","10":"desktop-align-left","11":"tablet-align-left","12":"mobile-align-left","14":"first","15":"instock","16":"shipping-taxable","17":"purchasable","18":"product-type-simple"},"jetpack_sharing_enabled":true,"_links":{"self":[{"href":"https:\/\/disport.uy\/index.php\/wp-json\/wp\/v2\/product\/836","targetHints":{"allow":["GET"]}}],"collection":[{"href":"https:\/\/disport.uy\/index.php\/wp-json\/wp\/v2\/product"}],"about":[{"href":"https:\/\/disport.uy\/index.php\/wp-json\/wp\/v2\/types\/product"}],"replies":[{"embeddable":true,"href":"https:\/\/disport.uy\/index.php\/wp-json\/wp\/v2\/comments?post=836"}],"wp:featuredmedia":[{"embeddable":true,"href":"https:\/\/disport.uy\/index.php\/wp-json\/wp\/v2\/media\/835"}],"wp:attachment":[{"href":"https:\/\/disport.uy\/index.php\/wp-json\/wp\/v2\/media?parent=836"}],"wp:term":[{"taxonomy":"product_brand","embeddable":true,"href":"https:\/\/disport.uy\/index.php\/wp-json\/wp\/v2\/product_brand?post=836"},{"taxonomy":"product_cat","embeddable":true,"href":"https:\/\/disport.uy\/index.php\/wp-json\/wp\/v2\/product_cat?post=836"},{"taxonomy":"product_tag","embeddable":true,"href":"https:\/\/disport.uy\/index.php\/wp-json\/wp\/v2\/product_tag?post=836"}],"curies":[{"name":"wp","href":"https:\/\/api.w.org\/{rel}","templated":true}]}}