{"id":832,"date":"2025-12-24T17:46:49","date_gmt":"2025-12-24T17:46:49","guid":{"rendered":"https:\/\/disport.uy\/index.php\/producto\/jbl-partybox-encore-essential-para-fiestas-y-uso-portatil\/"},"modified":"2025-12-24T17:46:52","modified_gmt":"2025-12-24T17:46:52","slug":"jbl-partybox-encore-essential-para-fiestas-y-uso-portatil","status":"publish","type":"product","link":"https:\/\/disport.uy\/index.php\/producto\/jbl-partybox-encore-essential-para-fiestas-y-uso-portatil\/","title":{"rendered":"JBL PartyBox Encore Essential &#8211; Para fiestas y uso port\u00e1til"},"content":{"rendered":"<div class=\"expanded-feature -lifestyle in-view\">\n<div class=\"imagery\">\n<p><img fetchpriority=\"high\" decoding=\"async\" class=\"\" src=\"https:\/\/www.jbl.cl\/on\/demandware.static\/-\/Sites-masterCatalog_Harman\/default\/dw20d8363f\/pdp\/JBL_Partybox_Essential_Lifestyle_01_904x560px.png\" alt=\"Incre\u00edble sonido JBL Pro original\" width=\"383\" height=\"237\" data-src=\"https:\/\/www.jbl.cl\/on\/demandware.static\/-\/Sites-masterCatalog_Harman\/default\/dw20d8363f\/pdp\/JBL_Partybox_Essential_Lifestyle_01_904x560px.png\" \/><\/p>\n<\/div>\n<div class=\"copy\">\n<h3>Incre\u00edble sonido JBL Pro original<\/h3>\n<p>No hay nada mejor que el incre\u00edble sonido profesional original de JBL con bajos profundos.<\/p>\n<\/div>\n<\/div>\n<div class=\"expanded-feature -lifestyle in-view\">\n<div class=\"imagery\">\n<p><img decoding=\"async\" class=\"\" src=\"https:\/\/www.jbl.cl\/on\/demandware.static\/-\/Sites-masterCatalog_Harman\/default\/dw5e630d2b\/pdp\/JBL_Partybox_Essential_Lifestyle_02_904x560px.png\" alt=\"El juego de luces din\u00e1mico se sincroniza con el ritmo\" width=\"384\" height=\"238\" data-src=\"https:\/\/www.jbl.cl\/on\/demandware.static\/-\/Sites-masterCatalog_Harman\/default\/dw5e630d2b\/pdp\/JBL_Partybox_Essential_Lifestyle_02_904x560px.png\" \/><\/p>\n<\/div>\n<div class=\"copy\">\n<h3>El juego de luces din\u00e1mico se sincroniza con el ritmo<\/h3>\n<p>El espect\u00e1culo de luces din\u00e1mico ofrece una divertida luz anular y un efecto estrobosc\u00f3pico que se sincroniza con el ritmo de tu m\u00fasica.<\/p>\n<\/div>\n<\/div>\n<div class=\"expanded-feature -lifestyle in-view\">\n<div class=\"imagery\">\n<p><img decoding=\"async\" class=\"\" src=\"https:\/\/www.jbl.cl\/on\/demandware.static\/-\/Sites-masterCatalog_Harman\/default\/dw5f8dafad\/pdp\/JBL_Partybox_Essential_Lifestyle_03_904x560px.png\" alt=\"6\u00a0horas de bater\u00eda\" width=\"384\" height=\"238\" data-src=\"https:\/\/www.jbl.cl\/on\/demandware.static\/-\/Sites-masterCatalog_Harman\/default\/dw5f8dafad\/pdp\/JBL_Partybox_Essential_Lifestyle_03_904x560px.png\" \/><\/p>\n<\/div>\n<div class=\"copy\">\n<h3>6\u00a0horas de bater\u00eda<\/h3>\n<p>\u00bfNo tienes enchufe? No hay problema. El JBL PartyBox Encore Essential hace que la fiesta vaya dondequiera que est\u00e9s con hasta 6 horas de bater\u00eda.<\/p>\n<\/div>\n<\/div>\n<section class=\"content-asset -pdp-slot-2 in-view\">\n<div class=\"content-asset -has-mb\" data-caid=\"PARTYBOX-ENCORE-ESSENTIAL-_EMEA_SLOT2\">\n<div class=\"mb-wrapper -width-constraint -ready\" data-ipn=\"false\" data-id=\"mb-set-JBL-PDP-AwardBanner-PartyboxEncore\" data-siteid=\"JB-CL\" data-brand=\"JBL\" data-locale=\"es_CL\" data-realm=\"false\">\n<div class=\"mb-standard mb-mod-wrapper -has-banner in-view\"><!-- DWUUID: 7a0c80e1e4d877cad0a3b87abb --><\/p>\n<div class=\"mb-mod mb-banner -cta-brand -textalign-left -placement-left -placement-middle -text-area-small -image-placement-behind -image-placement-m-top -border-radius-$BorderRadius \" data-type=\"banner\"><picture class=\"picture\"><source srcset=\"https:\/\/www.jbl.cl\/on\/demandware.static\/-\/Library-Sites-ContentBuilders\/default\/dw3f584a26\/module-builder\/jbl\/pdp-award-banners\/partybox-encore\/JBL-PDP_AwardBanner_PartyboxEncore_Mobile_414x472px@2x.jpg\" media=\"(max-width: 900px)\" \/><\/picture> <picture class=\"picture\"><source srcset=\"https:\/\/www.jbl.cl\/on\/demandware.static\/-\/Library-Sites-ContentBuilders\/default\/dwe6577307\/module-builder\/jbl\/pdp-award-banners\/partybox-encore\/JBL-PDP_AwardBanner_PartyboxEncore_Desktop_1052x480px@2x.jpg\" media=\"(min-width: 901px)\" \/><\/picture> <picture class=\"picture\"><img decoding=\"async\" src=\"https:\/\/www.jbl.cl\/on\/demandware.static\/-\/Library-Sites-ContentBuilders\/default\/dwe6577307\/module-builder\/jbl\/pdp-award-banners\/partybox-encore\/JBL-PDP_AwardBanner_PartyboxEncore_Desktop_1052x480px@2x.jpg\" alt=\"Visual\" \/><\/picture><\/div>\n<\/div>\n<p>&nbsp;<\/p>\n<\/div>\n<\/div>\n<p><!-- End content-asset --><\/p>\n<\/section>\n<section class=\"pdp-specs in-view\" data-section=\"specs\" data-headline=\"Especificaciones\">\n<div class=\"product-number\" style=\"display: none;\"><span class=\"itemIdSpec\">JBLPBENCOREESSAM<\/span><\/div>\n<h2>Detalles y descargas<\/h2>\n<div class=\"pdp-identifiers\">\n<p class=\"itemid -sku\">N.\u00ba de art\u00edculo:<br \/>\n<span class=\"js-specs-sku-id\">JBLPBENCOREESSAM<\/span><\/p>\n<\/div>\n<div class=\"specs-wrapper\">\n<div class=\"spec-accordion -active\">\n<h3>Caracter\u00edsticas generales<\/h3>\n<div class=\"accordion-content\">\n<div class=\"spec-row\">\n<p><span class=\"spec-key\">Potencia de salida<\/span><\/p>\n<p><span class=\"spec-value\">100<\/span><\/p>\n<\/div>\n<\/div>\n<\/div>\n<div class=\"spec-accordion \">\n<h3>Caracter\u00edsticas Audio<\/h3>\n<div class=\"accordion-content\">\n<div class=\"spec-row\">\n<p><span class=\"spec-key\">Respuesta de frecuencia din\u00e1mica<\/span><\/p>\n<p><span class=\"spec-value\">50 Hz &#8211; 20k Hz @-6dB<\/span><\/p>\n<\/div>\n<\/div>\n<\/div>\n<div class=\"spec-accordion \">\n<h3>Medidas<\/h3>\n<div class=\"accordion-content\">\n<div class=\"spec-row\">\n<p><span class=\"spec-key\">Dimensiones (cm)<\/span><\/p>\n<p><span class=\"spec-value\">27.6 x 32.7 x 29.3<\/span><\/p>\n<\/div>\n<div class=\"spec-row\">\n<p><span class=\"spec-key\">Dimensiones (in)<\/span><\/p>\n<p><span class=\"spec-value\">10.87 x 12.87 x 11.54<\/span><\/p>\n<\/div>\n<div class=\"spec-row\">\n<p><span class=\"spec-key\">Weight (kgs)<\/span><\/p>\n<p><span class=\"spec-value\">5.9<\/span><\/p>\n<\/div>\n<div class=\"spec-row\">\n<p><span class=\"spec-key\">Weight (lbs)<\/span><\/p>\n<p><span class=\"spec-value\">13<\/span><\/p>\n<\/div>\n<\/div>\n<\/div>\n<div class=\"spec-accordion \">\n<h3>Caracter\u00edsticas de control y conexi\u00f3n<\/h3>\n<div class=\"accordion-content\">\n<div class=\"spec-row\">\n<p><span class=\"spec-key\">Perfiles Bluetooth<\/span><\/p>\n<p><span class=\"spec-value\">A2DP 1.3, AVRCP 1.6<\/span><\/p>\n<\/div>\n<div class=\"spec-row\">\n<p><span class=\"spec-key\">Rango de frecuencia de transmisi\u00f3n Bluetooth<\/span><\/p>\n<p><span class=\"spec-value\">2.4 GHz &#8211; 2.4835 GHz<\/span><\/p>\n<\/div>\n<div class=\"spec-row\">\n<p><span class=\"spec-key\">Transmisi\u00f3n de modulaci\u00f3n GFSK v\u00eda Bluetooth<\/span><\/p>\n<p><span class=\"spec-value\">GFSK, \u03c0\/4 DQPSK, 8DPSK<\/span><\/p>\n<\/div>\n<div class=\"spec-row\">\n<p><span class=\"spec-key\">Potencia de transmisi\u00f3n Bluetooth<\/span><\/p>\n<p><span class=\"spec-value\">\u2264 15 dBm (EIRP)<\/span><\/p>\n<\/div>\n<div class=\"spec-row\">\n<p><span class=\"spec-key\">Versi\u00f3n Bluetooth<\/span><\/p>\n<p><span class=\"spec-value\">5.1<\/span><\/p>\n<\/div>\n<\/div>\n<\/div>\n<div class=\"spec-accordion \">\n<h3>Bater\u00eda<\/h3>\n<div class=\"accordion-content\">\n<div class=\"spec-row\">\n<p><span class=\"spec-key\">Charging time (hrs)<\/span><\/p>\n<p><span class=\"spec-value\">3.5<\/span><\/p>\n<\/div>\n<div class=\"spec-row\">\n<p><span class=\"spec-key\">Tiempo de reproducci\u00f3n de musica<\/span><\/p>\n<p><span class=\"spec-value\">6<\/span><\/p>\n<\/div>\n<\/div>\n<\/div>\n<div class=\"spec-accordion \">\n<h3>Caracter\u00edsticas<\/h3>\n<div class=\"accordion-content\">\n<div class=\"spec-row\">\n<p><span class=\"spec-key\">Bluetooth<\/span><\/p>\n<p><span class=\"spec-value\">S\u00ed<\/span><\/p>\n<\/div>\n<div class=\"spec-row\">\n<p><span class=\"spec-key\">Charging cable<\/span><\/p>\n<p><span class=\"spec-value\">S\u00ed<\/span><\/p>\n<\/div>\n<div class=\"spec-row\">\n<p><span class=\"spec-key\">Show de luces<\/span><\/p>\n<p><span class=\"spec-value\">S\u00ed<\/span><\/p>\n<\/div>\n<div class=\"spec-row\">\n<p><span class=\"spec-key\">A prueba de salpicaduras<\/span><\/p>\n<p><span class=\"spec-value\">S\u00ed<\/span><\/p>\n<\/div>\n<div class=\"spec-row\">\n<p><span class=\"spec-key\">Wireless<\/span><\/p>\n<p><span class=\"spec-value\">S\u00ed<\/span><\/p>\n<\/div>\n<div class=\"spec-row\">\n<p><span class=\"spec-key\">Bater\u00eda recargable<\/span><\/p>\n<p><span class=\"spec-value\">S\u00ed<\/span><\/p>\n<\/div>\n<div class=\"spec-row\">\n<p><span class=\"spec-key\">Certificaci\u00f3n IPX<\/span><\/p>\n<p><span class=\"spec-value\">IPx4<\/span><\/p>\n<\/div>\n<\/div>\n<\/div>\n<div class=\"spec-accordion\">\n<h3>Contenido de la caja<\/h3>\n<div class=\"accordion-content\">\n<div class=\"box-contents\">\n<ul class=\"bulleted\">\n<li>1 x JBL PartyBox Encore Essential<\/li>\n<li>1 x Cable de alimentaci\u00f3n de CA (el enchufe de CA y la cantidad cambia seg\u00fan la regi\u00f3n)<\/li>\n<li>1 x gu\u00eda de inicio r\u00e1pido<\/li>\n<li>1 x hoja de seguridad<\/li>\n<\/ul>\n<div class=\"imagery\"><img decoding=\"async\" class=\"box-visual\" src=\"https:\/\/www.jbl.cl\/dw\/image\/v2\/AAUJ_PRD\/on\/demandware.static\/-\/Sites-masterCatalog_Harman\/default\/dw6ef4a9cd\/pdp\/\/JBL_PARTYBOX_ENCORE_ESSENTIAL_BLACK_BoxImage_1605x1605px.png?sw=590&amp;sfrm=png\" alt=\"JBL CLub One Box visual\" data-src=\"https:\/\/www.jbl.cl\/dw\/image\/v2\/AAUJ_PRD\/on\/demandware.static\/-\/Sites-masterCatalog_Harman\/default\/dw6ef4a9cd\/pdp\/\/JBL_PARTYBOX_ENCORE_ESSENTIAL_BLACK_BoxImage_1605x1605px.png?sw=590&amp;sfrm=png\" \/><\/div>\n<\/div>\n<\/div>\n<\/div>\n<\/div>\n<\/section>\n","protected":false},"excerpt":{"rendered":"<p>Altavoz para fiestas port\u00e1til con un potente sonido de 100\u00a0W, espect\u00e1culo de luces din\u00e1mico incorporado y dise\u00f1o resistente a salpicaduras.<br \/>\nBluetooth 5.1-controlado por aplicaci\u00f3n-100 vatios-2 v\u00edas<\/p>\n","protected":false},"featured_media":831,"comment_status":"closed","ping_status":"closed","template":"","meta":{"site-sidebar-layout":"default","site-content-layout":"","ast-site-content-layout":"default","site-content-style":"default","site-sidebar-style":"default","ast-global-header-display":"","ast-banner-title-visibility":"","ast-main-header-display":"","ast-hfb-above-header-display":"","ast-hfb-below-header-display":"","ast-hfb-mobile-header-display":"","site-post-title":"","ast-breadcrumbs-content":"","ast-featured-img":"","footer-sml-layout":"","ast-disable-related-posts":"","theme-transparent-header-meta":"","adv-header-id-meta":"","stick-header-meta":"","header-above-stick-meta":"","header-main-stick-meta":"","header-below-stick-meta":"","astra-migrate-meta-layouts":"default","ast-page-background-enabled":"default","ast-page-background-meta":{"desktop":{"background-color":"var(--ast-global-color-5)","background-image":"","background-repeat":"repeat","background-position":"center center","background-size":"auto","background-attachment":"scroll","background-type":"","background-media":"","overlay-type":"","overlay-color":"","overlay-opacity":"","overlay-gradient":""},"tablet":{"background-color":"","background-image":"","background-repeat":"repeat","background-position":"center center","background-size":"auto","background-attachment":"scroll","background-type":"","background-media":"","overlay-type":"","overlay-color":"","overlay-opacity":"","overlay-gradient":""},"mobile":{"background-color":"","background-image":"","background-repeat":"repeat","background-position":"center center","background-size":"auto","background-attachment":"scroll","background-type":"","background-media":"","overlay-type":"","overlay-color":"","overlay-opacity":"","overlay-gradient":""}},"ast-content-background-meta":{"desktop":{"background-color":"var(--ast-global-color-4)","background-image":"","background-repeat":"repeat","background-position":"center center","background-size":"auto","background-attachment":"scroll","background-type":"","background-media":"","overlay-type":"","overlay-color":"","overlay-opacity":"","overlay-gradient":""},"tablet":{"background-color":"var(--ast-global-color-4)","background-image":"","background-repeat":"repeat","background-position":"center center","background-size":"auto","background-attachment":"scroll","background-type":"","background-media":"","overlay-type":"","overlay-color":"","overlay-opacity":"","overlay-gradient":""},"mobile":{"background-color":"var(--ast-global-color-4)","background-image":"","background-repeat":"repeat","background-position":"center center","background-size":"auto","background-attachment":"scroll","background-type":"","background-media":"","overlay-type":"","overlay-color":"","overlay-opacity":"","overlay-gradient":""}}},"product_brand":[],"product_cat":[86,87],"product_tag":[88,89],"class_list":{"0":"post-832","1":"product","2":"type-product","3":"status-publish","4":"has-post-thumbnail","6":"product_cat-electrohogar","7":"product_cat-parlantes","8":"product_tag-altavoz","9":"product_tag-parlantes","10":"desktop-align-left","11":"tablet-align-left","12":"mobile-align-left","14":"first","15":"instock","16":"shipping-taxable","17":"purchasable","18":"product-type-simple"},"jetpack_sharing_enabled":true,"_links":{"self":[{"href":"https:\/\/disport.uy\/index.php\/wp-json\/wp\/v2\/product\/832","targetHints":{"allow":["GET"]}}],"collection":[{"href":"https:\/\/disport.uy\/index.php\/wp-json\/wp\/v2\/product"}],"about":[{"href":"https:\/\/disport.uy\/index.php\/wp-json\/wp\/v2\/types\/product"}],"replies":[{"embeddable":true,"href":"https:\/\/disport.uy\/index.php\/wp-json\/wp\/v2\/comments?post=832"}],"wp:featuredmedia":[{"embeddable":true,"href":"https:\/\/disport.uy\/index.php\/wp-json\/wp\/v2\/media\/831"}],"wp:attachment":[{"href":"https:\/\/disport.uy\/index.php\/wp-json\/wp\/v2\/media?parent=832"}],"wp:term":[{"taxonomy":"product_brand","embeddable":true,"href":"https:\/\/disport.uy\/index.php\/wp-json\/wp\/v2\/product_brand?post=832"},{"taxonomy":"product_cat","embeddable":true,"href":"https:\/\/disport.uy\/index.php\/wp-json\/wp\/v2\/product_cat?post=832"},{"taxonomy":"product_tag","embeddable":true,"href":"https:\/\/disport.uy\/index.php\/wp-json\/wp\/v2\/product_tag?post=832"}],"curies":[{"name":"wp","href":"https:\/\/api.w.org\/{rel}","templated":true}]}}