{"id":821,"date":"2025-12-24T17:46:40","date_gmt":"2025-12-24T17:46:40","guid":{"rendered":"https:\/\/disport.uy\/index.php\/producto\/jbl-charge-5-rojo-altavoz-para-uso-portatil\/"},"modified":"2025-12-24T17:46:41","modified_gmt":"2025-12-24T17:46:41","slug":"jbl-charge-5-rojo-altavoz-para-uso-portatil","status":"publish","type":"product","link":"https:\/\/disport.uy\/index.php\/producto\/jbl-charge-5-rojo-altavoz-para-uso-portatil\/","title":{"rendered":"JBL Charge 5 Rojo &#8211; Altavoz para uso port\u00e1til"},"content":{"rendered":"<div class=\"expanded-feature -lifestyle in-view\">\n<div class=\"imagery\">\n<p><img fetchpriority=\"high\" decoding=\"async\" class=\"\" src=\"https:\/\/www.jbl.cl\/on\/demandware.static\/-\/Sites-masterCatalog_Harman\/default\/dwccc1d842\/pdp\/JBL_Charge_5_Lifestyle2_904x560px.png\" alt=\"Potente sonido JBL Original Pro\" width=\"383\" height=\"237\" data-src=\"https:\/\/www.jbl.cl\/on\/demandware.static\/-\/Sites-masterCatalog_Harman\/default\/dwccc1d842\/pdp\/JBL_Charge_5_Lifestyle2_904x560px.png\" \/><\/p>\n<\/div>\n<div class=\"copy\">\n<h3>Potente sonido JBL Original Pro<\/h3>\n<p>Disfruta de la incre\u00edble potencia del sonido JBL Original Pro. El JBL Charge 5 incorpora un driver optimizado de gran amplitud, un altavoz de agudos independiente y dos radiadores de graves JBL que te proporcionan un sonido intenso y n\u00edtido. Consigue el sonido de las salas m\u00e1s grandes, incluso al aire libre.<\/p>\n<\/div>\n<\/div>\n<div class=\"expanded-feature -lifestyle in-view\">\n<div class=\"imagery\">\n<p><img decoding=\"async\" class=\"\" src=\"https:\/\/www.jbl.cl\/on\/demandware.static\/-\/Sites-masterCatalog_Harman\/default\/dw1e0fb111\/pdp\/JBL_Charge_5_Lifestyle1_904x560px.png\" alt=\"20 horas de tiempo de reproducci\u00f3n\" width=\"387\" height=\"240\" data-src=\"https:\/\/www.jbl.cl\/on\/demandware.static\/-\/Sites-masterCatalog_Harman\/default\/dw1e0fb111\/pdp\/JBL_Charge_5_Lifestyle1_904x560px.png\" \/><\/p>\n<\/div>\n<div class=\"copy\">\n<h3>20 horas de tiempo de reproducci\u00f3n<\/h3>\n<p>Para que no pare la diversi\u00f3n. El Charge 5 de JBL mantiene tu fiesta en marcha d\u00eda y noche gracias a su incre\u00edble bater\u00eda con una duraci\u00f3n de 20\u00a0horas.<\/p>\n<\/div>\n<\/div>\n<div class=\"expanded-feature -lifestyle in-view\">\n<div class=\"imagery\">\n<p><img decoding=\"async\" class=\"\" src=\"https:\/\/www.jbl.cl\/on\/demandware.static\/-\/Sites-masterCatalog_Harman\/default\/dw70d97e4a\/pdp\/JBL_Charge_5_Lifestyle3_904x560px.png\" alt=\"Resistente al polvo y el agua conforme a la norma\u00a0IP67\" width=\"387\" height=\"240\" data-src=\"https:\/\/www.jbl.cl\/on\/demandware.static\/-\/Sites-masterCatalog_Harman\/default\/dw70d97e4a\/pdp\/JBL_Charge_5_Lifestyle3_904x560px.png\" \/><\/p>\n<\/div>\n<div class=\"copy\">\n<h3>Resistente al polvo y el agua conforme a la norma\u00a0IP67<\/h3>\n<p>Para ir a la piscina. Para ir al parque. El JBL Charge 5 es resistente al polvo y el agua conforme a la norma IP67 para que puedas llevar tu altavoz a cualquier parte.<\/p>\n<\/div>\n<\/div>\n<picture class=\"picture\"><img decoding=\"async\" src=\"https:\/\/www.jbl.cl\/on\/demandware.static\/-\/Library-Sites-ContentBuilders\/default\/dw0a4ae485\/module-builder\/jbl\/pdp-award-banners\/charge5\/JBL-PDP_AwardBanner_Charge5_Desktop_1052x480px@2x.jpg\" alt=\"Visual\" \/><\/picture>\n<section class=\"pdp-specs in-view\" data-section=\"specs\" data-headline=\"Especificaciones\">\n<div class=\"product-number\" style=\"display: none;\"><span class=\"itemIdSpec\">JBLCHARGE5BLUAM<\/span><\/div>\n<h2>Detalles y descargas<\/h2>\n<div class=\"pdp-identifiers\">\n<p class=\"itemid -sku\">N.\u00ba de art\u00edculo:<br \/>\n<span class=\"js-specs-sku-id\">JBLCHARGE5BLUAM<\/span><\/p>\n<\/div>\n<div class=\"specs-wrapper\">\n<div class=\"spec-accordion -active\">\n<h3>Descripci\u00f3n del producto<\/h3>\n<div class=\"accordion-content\">\n<h4>Reproducci\u00f3n y carga infinitas<\/h4>\n<div class=\"spec-row\"><span class=\"spec-key -full\">Lleva la fiesta contigo haga el tiempo que haga. El altavoz JBL Charge 5 ofrece el potente sonido JBL Original Pro gracias al driver optimizado de gran amplitud, el altavoz de agudos independiente y los dos radiadores de graves JBL. Hasta 20 horas de autonom\u00eda y una pr\u00e1ctica bater\u00eda integrada que te permite cargar tus dispositivos y alargar la fiesta durante toda la noche. \u00bfLlueve? \u00bfHas derramado la bebida? \u00bfEst\u00e1s en la playa? El Charge 5 resiste al polvo y el agua conforme a la norma IP67 para aguantar lo que le eches. Adem\u00e1s, podr\u00e1s conectar varios altavoces JBL compatibles con PartyBoost para disfrutar de un sonido con potencia suficiente para una multitud. Sus colores totalmente nuevos, inspirados en las \u00faltimas tendencias de moda urbana, le dan un aspecto tan bueno como su sonido.<\/span><\/div>\n<\/div>\n<\/div>\n<div class=\"spec-accordion \">\n<h3>Caracter\u00edsticas generales<\/h3>\n<div class=\"accordion-content\">\n<div class=\"spec-row\">\n<p><span class=\"spec-key\">Potencia de salida<\/span><\/p>\n<p><span class=\"spec-value\">40<\/span><\/p>\n<\/div>\n<\/div>\n<\/div>\n<div class=\"spec-accordion \">\n<h3>Caracter\u00edsticas Audio<\/h3>\n<div class=\"accordion-content\">\n<div class=\"spec-row\">\n<p><span class=\"spec-key\">Respuesta de frecuencia din\u00e1mica<\/span><\/p>\n<p><span class=\"spec-value\">60 Hz &#8211; 20k Hz<\/span><\/p>\n<\/div>\n<\/div>\n<\/div>\n<div class=\"spec-accordion \">\n<h3>Medidas<\/h3>\n<div class=\"accordion-content\">\n<div class=\"spec-row\">\n<p><span class=\"spec-key\">Dimensiones (cm)<\/span><\/p>\n<p><span class=\"spec-value\">22 x 9.6 x 9.3<\/span><\/p>\n<\/div>\n<div class=\"spec-row\">\n<p><span class=\"spec-key\">Dimensiones (in)<\/span><\/p>\n<p><span class=\"spec-value\">8.7 x 3.76 x 3.67<\/span><\/p>\n<\/div>\n<div class=\"spec-row\">\n<p><span class=\"spec-key\">Weight (kgs)<\/span><\/p>\n<p><span class=\"spec-value\">0.96<\/span><\/p>\n<\/div>\n<div class=\"spec-row\">\n<p><span class=\"spec-key\">Weight (lbs)<\/span><\/p>\n<p><span class=\"spec-value\">2.11<\/span><\/p>\n<\/div>\n<\/div>\n<\/div>\n<div class=\"spec-accordion \">\n<h3>Caracter\u00edsticas de control y conexi\u00f3n<\/h3>\n<div class=\"accordion-content\">\n<div class=\"spec-row\">\n<p><span class=\"spec-key\">Perfiles Bluetooth<\/span><\/p>\n<p><span class=\"spec-value\">A2DP 1.3, AVRCP 1.6<\/span><\/p>\n<\/div>\n<div class=\"spec-row\">\n<p><span class=\"spec-key\">Rango de frecuencia de transmisi\u00f3n Bluetooth<\/span><\/p>\n<p><span class=\"spec-value\">2400 MHz &#8211; 2483.5 MHz<\/span><\/p>\n<\/div>\n<div class=\"spec-row\">\n<p><span class=\"spec-key\">Transmisi\u00f3n de modulaci\u00f3n GFSK v\u00eda Bluetooth<\/span><\/p>\n<p><span class=\"spec-value\">GFSK, \u03c0\/4 DQPSK, 8DPSK<\/span><\/p>\n<\/div>\n<div class=\"spec-row\">\n<p><span class=\"spec-key\">Potencia de transmisi\u00f3n Bluetooth<\/span><\/p>\n<p><span class=\"spec-value\">\u2264 20 dBm (EIRP)<\/span><\/p>\n<\/div>\n<div class=\"spec-row\">\n<p><span class=\"spec-key\">Versi\u00f3n Bluetooth<\/span><\/p>\n<p><span class=\"spec-value\">5.1<\/span><\/p>\n<\/div>\n<\/div>\n<\/div>\n<div class=\"spec-accordion \">\n<h3>Bater\u00eda<\/h3>\n<div class=\"accordion-content\">\n<div class=\"spec-row\">\n<p><span class=\"spec-key\">Charging time (hrs)<\/span><\/p>\n<p><span class=\"spec-value\">4<\/span><\/p>\n<\/div>\n<div class=\"spec-row\">\n<p><span class=\"spec-key\">Tiempo de reproducci\u00f3n de musica<\/span><\/p>\n<p><span class=\"spec-value\">20<\/span><\/p>\n<\/div>\n<\/div>\n<\/div>\n<div class=\"spec-accordion \">\n<h3>Caracter\u00edsticas<\/h3>\n<div class=\"accordion-content\">\n<div class=\"spec-row\">\n<p><span class=\"spec-key\">Bluetooth<\/span><\/p>\n<p><span class=\"spec-value\">S\u00ed<\/span><\/p>\n<\/div>\n<div class=\"spec-row\">\n<p><span class=\"spec-key\">Charging cable<\/span><\/p>\n<p><span class=\"spec-value\">S\u00ed<\/span><\/p>\n<\/div>\n<div class=\"spec-row\">\n<p><span class=\"spec-key\">JBL PartyBoost<\/span><\/p>\n<p><span class=\"spec-value\">S\u00ed<\/span><\/p>\n<\/div>\n<div class=\"spec-row\">\n<p><span class=\"spec-key\">USB para carga de dispositivos m\u00f3viles<\/span><\/p>\n<p><span class=\"spec-value\">S\u00ed<\/span><\/p>\n<\/div>\n<div class=\"spec-row\">\n<p><span class=\"spec-key\">A prueba de agua<\/span><\/p>\n<p><span class=\"spec-value\">S\u00ed<\/span><\/p>\n<\/div>\n<div class=\"spec-row\">\n<p><span class=\"spec-key\">Wireless<\/span><\/p>\n<p><span class=\"spec-value\">S\u00ed<\/span><\/p>\n<\/div>\n<div class=\"spec-row\">\n<p><span class=\"spec-key\">Bater\u00eda recargable<\/span><\/p>\n<p><span class=\"spec-value\">S\u00ed<\/span><\/p>\n<\/div>\n<div class=\"spec-row\">\n<p><span class=\"spec-key\">Certificaci\u00f3n IPX<\/span><\/p>\n<p><span class=\"spec-value\">IP67<\/span><\/p>\n<\/div>\n<\/div>\n<\/div>\n<div class=\"spec-accordion\">\n<h3>Contenido de la caja<\/h3>\n<div class=\"accordion-content\">\n<div class=\"box-contents\">\n<ul class=\"bulleted\">\n<li>1 JBL Charge 5<\/li>\n<li>1 x cable USB-C<\/li>\n<li>1 hoja de seguridad<\/li>\n<li>1 gu\u00eda de inicio r\u00e1pido<\/li>\n<li>1 tarjeta de garant\u00eda<\/li>\n<\/ul>\n<div class=\"imagery\"><img decoding=\"async\" class=\"box-visual\" src=\"https:\/\/www.jbl.cl\/dw\/image\/v2\/AAUJ_PRD\/on\/demandware.static\/-\/Sites-masterCatalog_Harman\/default\/dw30b898c6\/pdp\/\/JBL_CHARGE5_BLACK_Box_Image_1605x1605px.png?sw=590&amp;sfrm=png\" alt=\"JBL CLub One Box visual\" data-src=\"https:\/\/www.jbl.cl\/dw\/image\/v2\/AAUJ_PRD\/on\/demandware.static\/-\/Sites-masterCatalog_Harman\/default\/dw30b898c6\/pdp\/\/JBL_CHARGE5_BLACK_Box_Image_1605x1605px.png?sw=590&amp;sfrm=png\" \/><\/div>\n<\/div>\n<\/div>\n<\/div>\n<\/div>\n<\/section>\n","protected":false},"excerpt":{"rendered":"<p>Altavoz port\u00e1til resistente al agua con bater\u00eda integrada.<\/p>\n<p>inal\u00e1mbrico-Bluetooth-40 vatios-2 v\u00edas-rojo<\/p>\n","protected":false},"featured_media":820,"comment_status":"closed","ping_status":"closed","template":"","meta":{"site-sidebar-layout":"default","site-content-layout":"","ast-site-content-layout":"default","site-content-style":"default","site-sidebar-style":"default","ast-global-header-display":"","ast-banner-title-visibility":"","ast-main-header-display":"","ast-hfb-above-header-display":"","ast-hfb-below-header-display":"","ast-hfb-mobile-header-display":"","site-post-title":"","ast-breadcrumbs-content":"","ast-featured-img":"","footer-sml-layout":"","ast-disable-related-posts":"","theme-transparent-header-meta":"","adv-header-id-meta":"","stick-header-meta":"","header-above-stick-meta":"","header-main-stick-meta":"","header-below-stick-meta":"","astra-migrate-meta-layouts":"default","ast-page-background-enabled":"default","ast-page-background-meta":{"desktop":{"background-color":"var(--ast-global-color-5)","background-image":"","background-repeat":"repeat","background-position":"center center","background-size":"auto","background-attachment":"scroll","background-type":"","background-media":"","overlay-type":"","overlay-color":"","overlay-opacity":"","overlay-gradient":""},"tablet":{"background-color":"","background-image":"","background-repeat":"repeat","background-position":"center center","background-size":"auto","background-attachment":"scroll","background-type":"","background-media":"","overlay-type":"","overlay-color":"","overlay-opacity":"","overlay-gradient":""},"mobile":{"background-color":"","background-image":"","background-repeat":"repeat","background-position":"center center","background-size":"auto","background-attachment":"scroll","background-type":"","background-media":"","overlay-type":"","overlay-color":"","overlay-opacity":"","overlay-gradient":""}},"ast-content-background-meta":{"desktop":{"background-color":"var(--ast-global-color-4)","background-image":"","background-repeat":"repeat","background-position":"center center","background-size":"auto","background-attachment":"scroll","background-type":"","background-media":"","overlay-type":"","overlay-color":"","overlay-opacity":"","overlay-gradient":""},"tablet":{"background-color":"var(--ast-global-color-4)","background-image":"","background-repeat":"repeat","background-position":"center center","background-size":"auto","background-attachment":"scroll","background-type":"","background-media":"","overlay-type":"","overlay-color":"","overlay-opacity":"","overlay-gradient":""},"mobile":{"background-color":"var(--ast-global-color-4)","background-image":"","background-repeat":"repeat","background-position":"center center","background-size":"auto","background-attachment":"scroll","background-type":"","background-media":"","overlay-type":"","overlay-color":"","overlay-opacity":"","overlay-gradient":""}}},"product_brand":[],"product_cat":[86,87],"product_tag":[88,89],"class_list":{"0":"post-821","1":"product","2":"type-product","3":"status-publish","4":"has-post-thumbnail","6":"product_cat-electrohogar","7":"product_cat-parlantes","8":"product_tag-altavoz","9":"product_tag-parlantes","10":"desktop-align-left","11":"tablet-align-left","12":"mobile-align-left","14":"first","15":"instock","16":"shipping-taxable","17":"purchasable","18":"product-type-simple"},"jetpack_sharing_enabled":true,"_links":{"self":[{"href":"https:\/\/disport.uy\/index.php\/wp-json\/wp\/v2\/product\/821","targetHints":{"allow":["GET"]}}],"collection":[{"href":"https:\/\/disport.uy\/index.php\/wp-json\/wp\/v2\/product"}],"about":[{"href":"https:\/\/disport.uy\/index.php\/wp-json\/wp\/v2\/types\/product"}],"replies":[{"embeddable":true,"href":"https:\/\/disport.uy\/index.php\/wp-json\/wp\/v2\/comments?post=821"}],"wp:featuredmedia":[{"embeddable":true,"href":"https:\/\/disport.uy\/index.php\/wp-json\/wp\/v2\/media\/820"}],"wp:attachment":[{"href":"https:\/\/disport.uy\/index.php\/wp-json\/wp\/v2\/media?parent=821"}],"wp:term":[{"taxonomy":"product_brand","embeddable":true,"href":"https:\/\/disport.uy\/index.php\/wp-json\/wp\/v2\/product_brand?post=821"},{"taxonomy":"product_cat","embeddable":true,"href":"https:\/\/disport.uy\/index.php\/wp-json\/wp\/v2\/product_cat?post=821"},{"taxonomy":"product_tag","embeddable":true,"href":"https:\/\/disport.uy\/index.php\/wp-json\/wp\/v2\/product_tag?post=821"}],"curies":[{"name":"wp","href":"https:\/\/api.w.org\/{rel}","templated":true}]}}