{"id":397,"date":"2025-12-24T17:40:13","date_gmt":"2025-12-24T17:40:13","guid":{"rendered":"https:\/\/disport.uy\/index.php\/producto\/jimo-rat-caja-de-4-unidades-de-25gr-c-u\/"},"modified":"2025-12-24T17:40:14","modified_gmt":"2025-12-24T17:40:14","slug":"jimo-rat-caja-de-4-unidades-de-25gr-c-u","status":"publish","type":"product","link":"https:\/\/disport.uy\/index.php\/producto\/jimo-rat-caja-de-4-unidades-de-25gr-c-u\/","title":{"rendered":"Jimo Rat &#8211; caja de 4 unidades de 25gr c\/u"},"content":{"rendered":"<section class=\"bg-gray py-[40px] md:py-[80px] overflow-hidden\" data-component=\"zig-zag\">\n<div class=\"container flex flex-col items-center gap-[16px] md:gap-[46px] md:flex-row\">\n<h2 class=\"md:hidden text-32 text-center uppercase text-cinza-escuro-jimo [&amp;_strong]:font-black\"><strong>JIMO RAT<\/strong><\/h2>\n<picture class=\"\"><source srcset=\"https:\/\/www.jimo.com.br\/app\/uploads\/2024\/09\/Rat-banner_interno-636x529-desktop.webp, https:\/\/www.jimo.com.br\/app\/uploads\/2024\/09\/Rat-banner_interno-636x529-desktop.webp, https:\/\/www.jimo.com.br\/app\/uploads\/2024\/09\/Rat-banner_interno-636x529-desktop.webp\" type=\"image\/webp\" media=\"(min-width: 769px)\" sizes=\"(min-width: 769px) 100vw, 1920px\" \/><source srcset=\"https:\/\/www.jimo.com.br\/app\/uploads\/2024\/09\/Rat-banner_interno-600-x-390px-mobile.webp, https:\/\/www.jimo.com.br\/app\/uploads\/2024\/09\/Rat-banner_interno-600-x-390px-mobile.webp, https:\/\/www.jimo.com.br\/app\/uploads\/2024\/09\/Rat-banner_interno-600-x-390px-mobile.webp\" type=\"image\/webp\" media=\"(max-width: 768px)\" sizes=\"(max-width: 768px) 100vw, 768px\" \/><img fetchpriority=\"high\" decoding=\"async\" class=\"w-full md:w-auto h-auto relative rounded-[24px] z-10\" src=\"https:\/\/www.jimo.com.br\/app\/uploads\/2024\/09\/Rat-banner_interno-600-x-390px-mobile.webp\" srcset=\"https:\/\/www.jimo.com.br\/app\/uploads\/2024\/09\/Rat-banner_interno-600-x-390px-mobile.webp, https:\/\/www.jimo.com.br\/app\/uploads\/2024\/09\/Rat-banner_interno-600-x-390px-mobile.webp, https:\/\/www.jimo.com.br\/app\/uploads\/2024\/09\/Rat-banner_interno-600-x-390px-mobile.webp\" alt=\"JIMO Rat \u00e9 um raticida granulado com a\u00e7\u00e3o anticoagulante, eficaz contra ratos e camundongos. as iscas devem ser colocadas em tocas e locais onde os roedores vivem e transitam. com f\u00f3rmula potente, o produto \u00e9 seguro e eficaz, proporcionando prote\u00e7\u00e3o contra infesta\u00e7\u00f5es.\" width=\"600\" height=\"390\" \/><\/picture>\n<p>JIMO Rata es un rodenticida granulado con acci\u00f3n anticoagulante, eficaz contra ratas y ratones. Los cebos son muy atractivos porque est\u00e1n formulados con cereales de alta calidad.<\/p>\n<\/div>\n<p><strong>ACCI\u00d3N ANTICOAGULANTE.<\/strong><\/p>\n<p>Controlado entre 3 y 7 d\u00edas despu\u00e9s de la ingesti\u00f3n, evitando la sospecha de otros roedores.<\/p>\n<ul>\n<li>Contiene amargo para evitar la ingesti\u00f3n por las personas<\/li>\n<li>Elimina los excrementos de las ratas<\/li>\n<li>Muy atractivo y apetecible para los roedores<\/li>\n<li>Cebos listos para usar<\/li>\n<\/ul>\n<\/section>\n<p><strong>CARACTER\u00cdSTICAS<\/strong><br \/>\nJIMO RAT es un raticida granulado con acci\u00f3n anticoagulante, eficaz contra ratas y ratones.<\/p>\n<p><strong>COMO USAR<\/strong><br \/>\nColocar los cebos en las cuevas y dem\u00e1s lugares donde los roedores viven y transitan, de modo que puedan comer sin ser molestados, y que el mayor n\u00famero de ellos tenga acceso al raticida.<\/p>\n<p>Los ratones prueban todo lo que encuentran, al contrario de las ratas que desconf\u00edan de novedades, por lo que lleva alg\u00fan tiempo para que estas empiecen a consumir los cebos.<\/p>\n<p>La cantidad de puntos de oferta de cebos var\u00eda de acuerdo al grado de infestaci\u00f3n y al tama\u00f1o del \u00e1rea a ser desratizada. Como recomendaci\u00f3n general, se deben colocar 25 g de cebo en cada cueva y en cada local con cebo, evitando el contacto directo con las manos. Usar guantes durante la manipulaci\u00f3n.<\/p>\n<p>Los puntos de oferta de cebos deben estar distantes de 5 a 10 metros entre s\u00ed y dispuestos de modo a evitar el acceso de ni\u00f1os y animales dom\u00e9sticos. Proteger los cebos de la intemperie y de la humedad.<\/p>\n<p>Transcurridos 7 a 10 d\u00edas, realizar una inspecci\u00f3n para evaluar el nivel de consumo de los cebos.<\/p>\n<p>Reaplicar en los lugares donde hubo consumo y tras lograr la desratizaci\u00f3n, recoger las sobras de los cebos de los lugares donde no hubo consumo. No tirar las sobras de los cebos ni desecharlos en cursos de agua.<\/p>\n<p><strong>M\u00c1S INFORMACIONES<\/strong><br \/>\nRESTRICCIONES DE USO: Cuando el producto es aplicado en las dosis y formas recomendadas, no presenta otras restricciones.<\/p>\n<p>CONSERVACI\u00d3N: Proteger JIMO RAT de la humedad. Conservar a temperatura ambiente (entre 15\u00ba y 30\u00baC).<\/p>\n<p><strong>PREGUNTAS M\u00c1S FRECUENTES<\/strong><\/p>\n<p>\u00bfPor qu\u00e9 la mortalidad de las ratas que ingieren JIMO Rata no es inmediata?<\/p>\n<p>Para que los dem\u00e1s miembros de la colonia no asocien la muerte con la ingesti\u00f3n del producto.<\/p>\n<p>\u00bfCu\u00e1nto tardan en morir los roedores tras ingerir JIMO Rata?<\/p>\n<p>Alrededor de 10 d\u00edas<\/p>\n<p>\u00bfExiste alg\u00fan riesgo si una mascota ingiere una sola unidad de JIMO Rata?<\/p>\n<p>S\u00ed, ll\u00e9velo inmediatamente al veterinario para que le administre vitamina K.<\/p>\n<p>\u00bfJIMO Rata debe administrarse con el sobre abierto o cerrado?<\/p>\n<p>No es necesario abrir el sobre, ya que el producto es muy atractivo.<\/p>\n<p>Si me doy cuenta de que he consumido todo el producto, \u00bfdebo a\u00f1adir m\u00e1s?<\/p>\n<p>S\u00ed, como no conoce el tama\u00f1o de la colonia, puede seguir ofreci\u00e9ndole el producto.<\/p>\n<p><a href=\"https:\/\/www.jimo.com.br\/produto\/jimo-rat-iscas\/\">JIMO Rat Iscas &#8211; eficaz contra ratos e camundongos.<\/a><\/p>\n<p><a href=\"https:\/\/mrhogar.uy\/product\/jimo-mata-baratas-y-hormigas-aerosol-300cc\/\">Jimo Mata Baratas y Hormigas &#8211; Aerosol 300cc &#8211; MR Hogar<\/a><\/p>\n<p>&nbsp;<\/p>\n","protected":false},"excerpt":{"rendered":"<section class=\"bg-gray py-[40px] md:py-[80px] overflow-hidden\" data-component=\"zig-zag\"><strong>ACCI\u00d3N ANTICOAGULANTE.<\/strong><\/p>\n<p>Controlado entre 3 y 7 d\u00edas despu\u00e9s de la ingesti\u00f3n, evitando la sospecha de otros roedores.<\/p>\n<ul>\n<li>Contiene amargo para evitar la ingesti\u00f3n por las personas<\/li>\n<li>Elimina los excrementos de las ratas<\/li>\n<li>Muy atractivo y apetecible para los roedores<\/li>\n<li>Cebos listos para usar<\/li>\n<\/ul>\n<\/section>\n","protected":false},"featured_media":396,"comment_status":"closed","ping_status":"closed","template":"","meta":{"site-sidebar-layout":"default","site-content-layout":"","ast-site-content-layout":"default","site-content-style":"default","site-sidebar-style":"default","ast-global-header-display":"","ast-banner-title-visibility":"","ast-main-header-display":"","ast-hfb-above-header-display":"","ast-hfb-below-header-display":"","ast-hfb-mobile-header-display":"","site-post-title":"","ast-breadcrumbs-content":"","ast-featured-img":"","footer-sml-layout":"","ast-disable-related-posts":"","theme-transparent-header-meta":"","adv-header-id-meta":"","stick-header-meta":"","header-above-stick-meta":"","header-main-stick-meta":"","header-below-stick-meta":"","astra-migrate-meta-layouts":"default","ast-page-background-enabled":"default","ast-page-background-meta":{"desktop":{"background-color":"var(--ast-global-color-5)","background-image":"","background-repeat":"repeat","background-position":"center center","background-size":"auto","background-attachment":"scroll","background-type":"","background-media":"","overlay-type":"","overlay-color":"","overlay-opacity":"","overlay-gradient":""},"tablet":{"background-color":"","background-image":"","background-repeat":"repeat","background-position":"center center","background-size":"auto","background-attachment":"scroll","background-type":"","background-media":"","overlay-type":"","overlay-color":"","overlay-opacity":"","overlay-gradient":""},"mobile":{"background-color":"","background-image":"","background-repeat":"repeat","background-position":"center center","background-size":"auto","background-attachment":"scroll","background-type":"","background-media":"","overlay-type":"","overlay-color":"","overlay-opacity":"","overlay-gradient":""}},"ast-content-background-meta":{"desktop":{"background-color":"var(--ast-global-color-4)","background-image":"","background-repeat":"repeat","background-position":"center center","background-size":"auto","background-attachment":"scroll","background-type":"","background-media":"","overlay-type":"","overlay-color":"","overlay-opacity":"","overlay-gradient":""},"tablet":{"background-color":"var(--ast-global-color-4)","background-image":"","background-repeat":"repeat","background-position":"center center","background-size":"auto","background-attachment":"scroll","background-type":"","background-media":"","overlay-type":"","overlay-color":"","overlay-opacity":"","overlay-gradient":""},"mobile":{"background-color":"var(--ast-global-color-4)","background-image":"","background-repeat":"repeat","background-position":"center center","background-size":"auto","background-attachment":"scroll","background-type":"","background-media":"","overlay-type":"","overlay-color":"","overlay-opacity":"","overlay-gradient":""}}},"product_brand":[],"product_cat":[46,52],"product_tag":[27,30,49,63,64,61],"class_list":{"0":"post-397","1":"product","2":"type-product","3":"status-publish","4":"has-post-thumbnail","6":"product_cat-insecticidas","7":"product_cat-mosquitos-y","8":"product_tag-ferreteria","9":"product_tag-hogar","10":"product_tag-jimo","11":"product_tag-ratas","12":"product_tag-roedores","13":"product_tag-veneno","14":"desktop-align-left","15":"tablet-align-left","16":"mobile-align-left","18":"first","19":"instock","20":"sale","21":"shipping-taxable","22":"purchasable","23":"product-type-simple"},"jetpack_sharing_enabled":true,"_links":{"self":[{"href":"https:\/\/disport.uy\/index.php\/wp-json\/wp\/v2\/product\/397","targetHints":{"allow":["GET"]}}],"collection":[{"href":"https:\/\/disport.uy\/index.php\/wp-json\/wp\/v2\/product"}],"about":[{"href":"https:\/\/disport.uy\/index.php\/wp-json\/wp\/v2\/types\/product"}],"replies":[{"embeddable":true,"href":"https:\/\/disport.uy\/index.php\/wp-json\/wp\/v2\/comments?post=397"}],"wp:featuredmedia":[{"embeddable":true,"href":"https:\/\/disport.uy\/index.php\/wp-json\/wp\/v2\/media\/396"}],"wp:attachment":[{"href":"https:\/\/disport.uy\/index.php\/wp-json\/wp\/v2\/media?parent=397"}],"wp:term":[{"taxonomy":"product_brand","embeddable":true,"href":"https:\/\/disport.uy\/index.php\/wp-json\/wp\/v2\/product_brand?post=397"},{"taxonomy":"product_cat","embeddable":true,"href":"https:\/\/disport.uy\/index.php\/wp-json\/wp\/v2\/product_cat?post=397"},{"taxonomy":"product_tag","embeddable":true,"href":"https:\/\/disport.uy\/index.php\/wp-json\/wp\/v2\/product_tag?post=397"}],"curies":[{"name":"wp","href":"https:\/\/api.w.org\/{rel}","templated":true}]}}